{"id":8170,"date":"2019-02-08T11:42:22","date_gmt":"2019-02-08T10:42:22","guid":{"rendered":"https:\/\/www.malongo.com\/presentation\/"},"modified":"2023-08-17T17:35:00","modified_gmt":"2023-08-17T15:35:00","slug":"presentacion","status":"publish","type":"page","link":"https:\/\/www.malongo.com\/es\/presentacion\/","title":{"rendered":"PRESENTACI\u00d3N"},"content":{"rendered":"","protected":false},"excerpt":{"rendered":"","protected":false},"author":1,"featured_media":0,"parent":0,"menu_order":238,"comment_status":"closed","ping_status":"closed","template":"template-layout-flexible.php","meta":[],"yoast_head":"<!-- This site is optimized with the Yoast SEO plugin v15.6.2 - https:\/\/yoast.com\/wordpress\/plugins\/seo\/ -->\n<title>PRESENTACI\u00d3N - Malongo - Al descubrimiento de Malongo<\/title>\n<meta name=\"description\" content=\"Torrefactor de Niza, Malongo es el l\u00edder franc\u00e9s en el sector de los caf\u00e9s ecol\u00f3gicos y de comercio justo, ofreciendo caldos de los mejores terru\u00f1os.\" \/>\n<meta name=\"robots\" content=\"index, follow, max-snippet:-1, max-image-preview:large, max-video-preview:-1\" \/>\n<link rel=\"canonical\" href=\"https:\/\/www.malongo.com\/es\/presentacion\/\" \/>\n<meta property=\"og:locale\" content=\"es_ES\" \/>\n<meta property=\"og:type\" content=\"article\" \/>\n<meta property=\"og:title\" content=\"PRESENTACI\u00d3N - Malongo - Al descubrimiento de Malongo\" \/>\n<meta property=\"og:description\" content=\"Torrefactor de Niza, Malongo es el l\u00edder franc\u00e9s en el sector de los caf\u00e9s ecol\u00f3gicos y de comercio justo, ofreciendo caldos de los mejores terru\u00f1os.\" \/>\n<meta property=\"og:url\" content=\"https:\/\/www.malongo.com\/es\/presentacion\/\" \/>\n<meta property=\"og:site_name\" content=\"Malongo\" \/>\n<meta property=\"article:modified_time\" content=\"2023-08-17T15:35:00+00:00\" \/>\n<meta property=\"og:image\" content=\"https:\/\/www.malongo.com\/wp-content\/uploads\/2019\/07\/share-malongo.jpg\" \/>\n\t<meta property=\"og:image:width\" content=\"1200\" \/>\n\t<meta property=\"og:image:height\" content=\"630\" \/>\n<meta name=\"twitter:card\" content=\"summary_large_image\" \/>\n<!-- \/ Yoast SEO plugin. -->","_links":{"self":[{"href":"https:\/\/www.malongo.com\/es\/wp-json\/wp\/v2\/pages\/8170"}],"collection":[{"href":"https:\/\/www.malongo.com\/es\/wp-json\/wp\/v2\/pages"}],"about":[{"href":"https:\/\/www.malongo.com\/es\/wp-json\/wp\/v2\/types\/page"}],"author":[{"embeddable":true,"href":"https:\/\/www.malongo.com\/es\/wp-json\/wp\/v2\/users\/1"}],"replies":[{"embeddable":true,"href":"https:\/\/www.malongo.com\/es\/wp-json\/wp\/v2\/comments?post=8170"}],"version-history":[{"count":7,"href":"https:\/\/www.malongo.com\/es\/wp-json\/wp\/v2\/pages\/8170\/revisions"}],"predecessor-version":[{"id":24429,"href":"https:\/\/www.malongo.com\/es\/wp-json\/wp\/v2\/pages\/8170\/revisions\/24429"}],"wp:attachment":[{"href":"https:\/\/www.malongo.com\/es\/wp-json\/wp\/v2\/media?parent=8170"}],"curies":[{"name":"wp","href":"https:\/\/api.w.org\/{rel}","templated":true}]}}