{"id":8162,"date":"2019-04-17T11:51:42","date_gmt":"2019-04-17T09:51:42","guid":{"rendered":"https:\/\/www.malongo.com\/malongo-les-petits-producteurs\/"},"modified":"2019-10-28T16:17:29","modified_gmt":"2019-10-28T15:17:29","slug":"malongo-y-los-pequenos-productores","status":"publish","type":"page","link":"https:\/\/www.malongo.com\/es\/malongo-y-los-pequenos-productores\/","title":{"rendered":"MALONGO Y LOS PEQUE\u00d1OS PRODUCTORES"},"content":{"rendered":"","protected":false},"excerpt":{"rendered":"","protected":false},"author":1,"featured_media":0,"parent":0,"menu_order":213,"comment_status":"closed","ping_status":"closed","template":"template-layout-flexible.php","meta":[],"yoast_head":"\nMALONGO Y LOS PEQUE\u00d1OS PRODUCTORES - Malongo<\/title>\n<meta name=\"description\" content=\"Malongo participa en diversos proyectos y asociaciones con peque\u00f1os productores de caf\u00e9, en el marco del comercio justo y de la agricultura biol\u00f3gica.\" \/>\n<meta name=\"robots\" content=\"index, follow, max-snippet:-1, max-image-preview:large, max-video-preview:-1\" \/>\n<link rel=\"canonical\" href=\"https:\/\/www.malongo.com\/es\/malongo-y-los-pequenos-productores\/\" \/>\n<meta property=\"og:locale\" content=\"es_ES\" \/>\n<meta property=\"og:type\" content=\"article\" \/>\n<meta property=\"og:title\" content=\"MALONGO Y LOS PEQUE\u00d1OS PRODUCTORES - Malongo\" \/>\n<meta property=\"og:description\" content=\"Malongo participa en diversos proyectos y asociaciones con peque\u00f1os productores de caf\u00e9, en el marco del comercio justo y de la agricultura biol\u00f3gica.\" \/>\n<meta property=\"og:url\" content=\"https:\/\/www.malongo.com\/es\/malongo-y-los-pequenos-productores\/\" \/>\n<meta property=\"og:site_name\" content=\"Malongo\" \/>\n<meta property=\"article:modified_time\" content=\"2019-10-28T15:17:29+00:00\" \/>\n<meta property=\"og:image\" content=\"https:\/\/www.malongo.com\/wp-content\/uploads\/2019\/07\/share-malongo.jpg\" \/>\n\t<meta property=\"og:image:width\" content=\"1200\" \/>\n\t<meta property=\"og:image:height\" content=\"630\" \/>\n<meta name=\"twitter:card\" content=\"summary_large_image\" \/>\n<!-- \/ Yoast SEO plugin. -->","_links":{"self":[{"href":"https:\/\/www.malongo.com\/es\/wp-json\/wp\/v2\/pages\/8162"}],"collection":[{"href":"https:\/\/www.malongo.com\/es\/wp-json\/wp\/v2\/pages"}],"about":[{"href":"https:\/\/www.malongo.com\/es\/wp-json\/wp\/v2\/types\/page"}],"author":[{"embeddable":true,"href":"https:\/\/www.malongo.com\/es\/wp-json\/wp\/v2\/users\/1"}],"replies":[{"embeddable":true,"href":"https:\/\/www.malongo.com\/es\/wp-json\/wp\/v2\/comments?post=8162"}],"version-history":[{"count":0,"href":"https:\/\/www.malongo.com\/es\/wp-json\/wp\/v2\/pages\/8162\/revisions"}],"wp:attachment":[{"href":"https:\/\/www.malongo.com\/es\/wp-json\/wp\/v2\/media?parent=8162"}],"curies":[{"name":"wp","href":"https:\/\/api.w.org\/{rel}","templated":true}]}}