{"id":12990,"date":"2019-06-19T10:32:31","date_gmt":"2019-06-19T08:32:31","guid":{"rendered":"https:\/\/www.malongo.com\/activites\/"},"modified":"2020-09-07T12:02:00","modified_gmt":"2020-09-07T10:02:00","slug":"actividades","status":"publish","type":"page","link":"https:\/\/www.malongo.com\/es\/actividades\/","title":{"rendered":"Actividades"},"content":{"rendered":"","protected":false},"excerpt":{"rendered":"","protected":false},"author":2,"featured_media":0,"parent":0,"menu_order":99,"comment_status":"closed","ping_status":"closed","template":"template-layout-flexible.php","meta":[],"yoast_head":"\nActividades - Malongo - Les secteurs d'activit\u00e9 de Malongo<\/title>\n<meta name=\"description\" content=\"Torr\u00e9facteur, Malongo partage sa passion du caf\u00e9 diff\u00e9rents secteurs d'activt\u00e9, au contact du grand public mais \u00e9galement des professionnels.\" \/>\n<meta name=\"robots\" content=\"index, follow, max-snippet:-1, max-image-preview:large, max-video-preview:-1\" \/>\n<link rel=\"canonical\" href=\"https:\/\/www.malongo.com\/es\/actividades\/\" \/>\n<meta property=\"og:locale\" content=\"es_ES\" \/>\n<meta property=\"og:type\" content=\"article\" \/>\n<meta property=\"og:title\" content=\"Actividades - Malongo - Les secteurs d'activit\u00e9 de Malongo\" \/>\n<meta property=\"og:description\" content=\"Torr\u00e9facteur, Malongo partage sa passion du caf\u00e9 diff\u00e9rents secteurs d'activt\u00e9, au contact du grand public mais \u00e9galement des professionnels.\" \/>\n<meta property=\"og:url\" content=\"https:\/\/www.malongo.com\/es\/actividades\/\" \/>\n<meta property=\"og:site_name\" content=\"Malongo\" \/>\n<meta property=\"article:modified_time\" content=\"2020-09-07T10:02:00+00:00\" \/>\n<meta property=\"og:image\" content=\"https:\/\/www.malongo.com\/wp-content\/uploads\/2019\/07\/share-malongo.jpg\" \/>\n\t<meta property=\"og:image:width\" content=\"1200\" \/>\n\t<meta property=\"og:image:height\" content=\"630\" \/>\n<meta name=\"twitter:card\" content=\"summary_large_image\" \/>\n<!-- \/ Yoast SEO plugin. -->","_links":{"self":[{"href":"https:\/\/www.malongo.com\/es\/wp-json\/wp\/v2\/pages\/12990"}],"collection":[{"href":"https:\/\/www.malongo.com\/es\/wp-json\/wp\/v2\/pages"}],"about":[{"href":"https:\/\/www.malongo.com\/es\/wp-json\/wp\/v2\/types\/page"}],"author":[{"embeddable":true,"href":"https:\/\/www.malongo.com\/es\/wp-json\/wp\/v2\/users\/2"}],"replies":[{"embeddable":true,"href":"https:\/\/www.malongo.com\/es\/wp-json\/wp\/v2\/comments?post=12990"}],"version-history":[{"count":2,"href":"https:\/\/www.malongo.com\/es\/wp-json\/wp\/v2\/pages\/12990\/revisions"}],"predecessor-version":[{"id":12993,"href":"https:\/\/www.malongo.com\/es\/wp-json\/wp\/v2\/pages\/12990\/revisions\/12993"}],"wp:attachment":[{"href":"https:\/\/www.malongo.com\/es\/wp-json\/wp\/v2\/media?parent=12990"}],"curies":[{"name":"wp","href":"https:\/\/api.w.org\/{rel}","templated":true}]}}